{"id":16385,"date":"2023-05-02T14:02:06","date_gmt":"2023-05-02T18:02:06","guid":{"rendered":"https:\/\/www.orcomcn.com\/?page_id=16385"},"modified":"2025-09-25T01:46:07","modified_gmt":"2025-09-24T17:46:07","slug":"politique-de-confidentialite","status":"publish","type":"page","link":"https:\/\/www.orcomcn.com\/fr\/politique-de-confidentialite\/","title":{"rendered":"Politique de confidentialit\u00e9"},"content":{"rendered":"<div class=\"fusion-fullwidth fullwidth-box fusion-builder-row-1 fusion-flex-container has-pattern-background has-mask-background nonhundred-percent-fullwidth non-hundred-percent-height-scrolling\" style=\"--awb-border-radius-top-left:0px;--awb-border-radius-top-right:0px;--awb-border-radius-bottom-right:0px;--awb-border-radius-bottom-left:0px;--awb-flex-wrap:wrap;\" ><div class=\"fusion-builder-row fusion-row fusion-flex-align-items-flex-start fusion-flex-content-wrap\" style=\"max-width:1216.8px;margin-left: calc(-4% \/ 2 );margin-right: calc(-4% \/ 2 );\"><div class=\"fusion-layout-column fusion_builder_column fusion-builder-column-0 fusion_builder_column_1_1 1_1 fusion-flex-column\" style=\"--awb-bg-size:cover;--awb-width-large:100%;--awb-margin-top-large:15px;--awb-spacing-right-large:1.92%;--awb-margin-bottom-large:0px;--awb-spacing-left-large:1.92%;--awb-width-medium:100%;--awb-order-medium:0;--awb-spacing-right-medium:1.92%;--awb-spacing-left-medium:1.92%;--awb-width-small:100%;--awb-order-small:0;--awb-spacing-right-small:1.92%;--awb-spacing-left-small:1.92%;\"><div class=\"fusion-column-wrapper fusion-column-has-shadow fusion-flex-justify-content-flex-start fusion-content-layout-column\"><div class=\"fusion-text fusion-text-1\"><h1>Politique de confidentialit\u00e9<\/h1>\n<p>Bienvenue sur <a href=\"http:\/\/www.orcomcn.com\">www.orcomcn.com<\/a> (\u00ab Site internet \u00bb). Ce site Internet (incluant tout acc\u00e8s via un navigateur Internet et toutes les applications connexes) est fourni, d\u00e9tenu et g\u00e9r\u00e9 par C&amp;A Advisors Enterprises Management Consulting (Shanghai) Co., Ltd. (\u00ab ORCOM C&amp;A \u00bb). ORCOM C&amp;A s\u2019engage \u00e0 prot\u00e9ger votre vie priv\u00e9e.<\/p>\n<p>La politique de confidentialit\u00e9 est r\u00e9dig\u00e9e en anglais et peut \u00eatre traduite dans d\u2019autres langues. En cas d\u2019incoh\u00e9rence entre la version anglaise et les autres versions traduites, la version anglaise pr\u00e9vaudra. ORCOM C&amp;A se r\u00e9serve le droit de modifier la politique de confidentialit\u00e9 si besoin, notamment lorsqu\u2019elle doit \u00eatre mise a jour en raison de changements dans ses pratiques ou activit\u00e9s de traitement des donn\u00e9es.<\/p>\n<p><strong>Veuillez lire attentivement et comprendre la politique de confidentialit\u00e9 avant d\u2019utiliser les services d\u2019ORCOM C&amp;A ou de ce site Internet, en particulier les termes en gras. Votre choix d\u2019utiliser ou de continuer \u00e0 utiliser les services d\u2019ORCOM C&amp;A et d\u2019utiliser ce site Internet signifie que vous avez parfaitement compris l\u2019int\u00e9gralit\u00e9 du contenu de la politique de confidentialit\u00e9 et accept\u00e9 qu\u2019ORCOM C&amp;A puisse traiter les informations personnelles conform\u00e9ment aux objectifs et aux moyens de traitement indiqu\u00e9s ci-dessous, et avec l\u2019\u00e9tendue de divulgation de ces donn\u00e9es. <\/strong>Pour \u00e9viter toute ambigu\u00eft\u00e9, les informations personnelles (les \u00ab\u00a0informations personnelles\u00a0\u00bb) d\u00e9signent toute information (\u00e0 l\u2019exclusion des informations anonymis\u00e9es) enregistr\u00e9e \u00e9lectroniquement ou par un autre moyen, concernant toute personne physique identifi\u00e9e ou identifiable.<\/p>\n<p><strong>M\u00c9THODE DE TRAITEMENT<\/strong><\/p>\n<p>Vos informations personnelles sont recueillies et peuvent \u00eatre trait\u00e9es suite \u00e0 la visite de ce site Internet, par le biais des types de donn\u00e9es suivants :<\/p>\n<p>(1) Donn\u00e9es de navigation<\/p>\n<p>Les syst\u00e8mes d\u2019information et les proc\u00e9dures logicielles qui sont mis en place pour exploiter ce site Internet peuvent, dans le cours normal des op\u00e9rations, recueillir certaines informations personnelles dont la transmission est implicite lors de l\u2019utilisation des protocoles de communication Internet.<\/p>\n<p>Il s\u2019agit d\u2019informations qui ne sont pas collect\u00e9es pour \u00eatre associ\u00e9es \u00e0 des sujets identifi\u00e9s, mais qui, en raison de leur nature intrins\u00e8que, peuvent, par le biais du traitement et en conjonction avec des donn\u00e9es d\u00e9tenues par des tiers, permettre votre identification.<\/p>\n<p>Cette cat\u00e9gorie de donn\u00e9es comprend les adresses IP ou les noms de domaine de vos ordinateurs qui se connectent \u00e0 ce site Internet, l\u2019identifiant URI (Uniform Resource Identifier) pour la demande de ressources, le temps de demande, la demande de soumission de la proc\u00e9dure au serveur, la taille du fichier de r\u00e9ponse obtenu, le code d\u00e9crivant l\u2019\u00e9tat de service du serveur (succ\u00e8s, erreur, etc.) et d\u2019autres param\u00e8tres relatifs au syst\u00e8me d\u2019exploitation et \u00e0 vos param\u00e8tres d\u2019environnement.<\/p>\n<p>Ces donn\u00e9es ne sont utilis\u00e9es que pour collecter des informations statistiques anonymes sur les visites sur ce site Internet, et contr\u00f4ler son bon fonctionnement, et sont imm\u00e9diatement supprim\u00e9es apr\u00e8s le traitement. Les donn\u00e9es peuvent \u00eatre utilis\u00e9es pour d\u00e9terminer la responsabilit\u00e9 en cas d\u2019attaque ou de piratage du site : \u00e0 l\u2019exception de ce risque, normalement, ces donn\u00e9es ne sont pas conserv\u00e9es plus de sept (7) jours.<\/p>\n<p>(2) Donn\u00e9es fournies volontairement par vous<\/p>\n<p>La transmission \u00e0 votre discr\u00e9tion, explicite et volontaire de courrier \u00e9lectronique aux adresses de ce site Internet entra\u00eenera la collecte de votre adresse afin de r\u00e9pondre aux demandes, \u00e9ventuellement en plus d\u2019autres informations personnelles contenues dans l\u2019envoi. \u00c0 votre demande, certaines lignes de r\u00e9sum\u00e9 seront progressivement visualis\u00e9es sur ce site internet.<\/p>\n<p>(3) En plus de ce qui a \u00e9t\u00e9 mentionn\u00e9 en relation avec les donn\u00e9es de navigation, vous avez le choix de fournir des informations personnelles tels que le nom et l\u2019adresse \u00e9lectronique sur des formulaires d\u00e9sign\u00e9s, pour recevoir certaines d\u2019informations ou d\u2019autres types de communications. Ce type d\u2019informations personnelles ne sera utilis\u00e9 que dans le but de r\u00e9pondre \u00e0 vos demandes conform\u00e9ment aux lois applicables en R\u00e9publique Populaire de Chine (\u2018\u2019RPC\u2019\u2019).<\/p>\n<p><strong>Vous avez pris connaissance et acceptez qu\u2019ORCOM C&amp;A puisse traiter vos informations personnelles susmentionn\u00e9es conform\u00e9ment \u00e0 la politique de confidentialit\u00e9 et conform\u00e9ment aux lois applicables.<\/strong> Le traitement des donn\u00e9es li\u00e9es aux services de ce Site est uniquement g\u00e9r\u00e9 par le personnel technique d\u2019ORCOM C&amp;A qui est en charge du traitement ou en charge de la maintenance.<\/p>\n<p><strong>L\u2019UTILISATION DES COOKIES<\/strong><\/p>\n<p>Ce site Internet ne recueille intentionnellement aucune de vos informations personnelles. Aucun cookie ou syst\u00e8me de tra\u00e7age de quelque nature que ce soit ne sera utilis\u00e9 dans la transmission de vos informations personnelles.<\/p>\n<p>L\u2019utilisation de cookies lies \u00e0 la session de navigation (\u2018\u2019cookies de session\u2019\u2019 qui ne sont pas enregistr\u00e9s de mani\u00e8re permanente sur votre ordinateur et sont supprim\u00e9s une fois le navigateur ferm\u00e9) est strictement limit\u00e9e \u00e0 l\u2019identification des informations de cette session (num\u00e9ros g\u00e9n\u00e9r\u00e9s al\u00e9atoirement par le serveur), qui sont n\u00e9cessaires pour faire fonctionner ce site internet et am\u00e9liorer votre exp\u00e9rience utilisateur. Les cookies de session \u00e9vitent l\u2019utilisation d\u2019autres moyens de technologie de l\u2019information, qui peuvent potentiellement porter atteinte \u00e0 votre vie priv\u00e9e, et ne permettent pas la collecte de vos informations personnelles identifiables.<\/p>\n<p>Dans tous les cas, si vous choisissez de refuser le t\u00e9l\u00e9chargement de tout type de cookies \u00e0 partir de ce site Internet ou d\u2019autres sites, vous pouvez augmenter le niveau de protection de la vie priv\u00e9e en modifiant les param\u00e8tres du navigateur.<\/p>\n<p>ORCOM C&amp;A vous informe que vous pouvez exiger, \u00e0 tout moment, la suppression des informations collect\u00e9es par le biais des cookies.<\/p>\n<p><strong>FINALIT\u00c9 DU TRAITEMENT<\/strong><\/p>\n<p>ORCOM C&amp;A peut \u00eatre amen\u00e9 \u00e0 utiliser vos Informations personnelles dans les situations suivantes :<\/p>\n<ul>\n<li>ORCOM C&amp;A utilisera vos informations personnelles, conform\u00e9ment \u00e0 la politique de confidentialit\u00e9, afin de fournir ces services;<\/li>\n<li>pour assurer la stabilit\u00e9 et la s\u00e9curit\u00e9 des services, ORCOM C&amp;A utilisera vos informations personnelles \u00e0 des fins d\u2019authentification d\u2019identit\u00e9, de mesures de s\u00e9curit\u00e9, de surveillance de la fraude, de pr\u00e9vention ou d\u2019interdiction d\u2019activit\u00e9s ill\u00e9gales, de r\u00e9duction des risques, d\u2019archivage et de sauvegarde;<\/li>\n<li>ORCOM C&amp;A peut utiliser vos Informations Personnelles pour effectuer des analyses de donn\u00e9es, afin d\u2019aider ORCOM C&amp;A \u00e0 am\u00e9liorer ses services, vous fournissant ainsi les services qui peuvent mieux r\u00e9pondre \u00e0 vos besoins. ORCOM C&amp;A peut partager vos informations personnelles avec des organismes gouvernementaux, des autorit\u00e9s judiciaires ou des tiers conform\u00e9ment aux lois, r\u00e8glements ou exigences r\u00e9glementaires applicables en RPC; et<\/li>\n<li>ORCOM C&amp;A \u00e9tablira des statistiques sur l\u2019utilisation des services et pourra partager ces donn\u00e9es statistiques (qui excluent vos informations personnelles) avec le public ou des tiers pour montrer la tendance g\u00e9n\u00e9rale de l\u2019utilisation des services.<\/li>\n<\/ul>\n<p>ORCOM C&amp;A utilisera vos Informations personnelles :<\/p>\n<ul>\n<li>dans le cadre de votre autorisation ou consentement pr\u00e9alables.<\/li>\n<li>si ORCOM C&amp;A utilise vos informations personnelles en dehors de votre autorisation pr\u00e9alable, un consentement suppl\u00e9mentaire de votre part peut \u00eatre requis; et ce<\/li>\n<li>conform\u00e9ment \u00e0 la politique de confidentialit\u00e9 ainsi qu\u2019aux lois applicables en RPC.<\/li>\n<\/ul>\n<p><strong>Vous avez pris connaissance et acceptez qu\u2019ORCOM C&amp;A puisse utiliser vos Informations personnelles aux fins susmentionn\u00e9es.<\/strong><\/p>\n<p><strong>PROTECTION DE L\u2019INFORMATION<\/strong><\/p>\n<p>Vos Informations Personnelles font l\u2019objet d\u2019un traitement automatis\u00e9, strictement limit\u00e9 au temps n\u00e9cessaire \u00e0 l\u2019utilisation pr\u00e9vue.<\/p>\n<p>Des mesures de s\u00e9curit\u00e9 appropri\u00e9es sont mises en place pour pr\u00e9venir la perte, l\u2019utilisation ill\u00e9gale et l\u2019acc\u00e8s inappropri\u00e9 ou non autoris\u00e9 aux donn\u00e9es. ORCOM C&amp;A a adopt\u00e9 toutes les mesures de s\u00e9curit\u00e9 minimales pr\u00e9vues par la loi.<\/p>\n<p>ORCOM C&amp;A, conform\u00e9ment aux principales normes internationales et aux lois applicables en RPC, a \u00e9galement adopt\u00e9 des mesures de s\u00e9curit\u00e9 suppl\u00e9mentaires pour prot\u00e9ger les informations personnelles collect\u00e9es et trait\u00e9es, et r\u00e9duire au minimum les risques li\u00e9s \u00e0 la disponibilit\u00e9 et \u00e0 la confidentialit\u00e9 des donn\u00e9es collect\u00e9es.<\/p>\n<p>Si les installations physiques, techniques ou de sauvegarde d\u2019ORCOM C&amp;A sont endommag\u00e9es, entra\u00eenant un acc\u00e8s non autoris\u00e9, une divulgation publique ou la destruction de vos informations personnelles, ORCOM C&amp;A vous en informera imm\u00e9diatement et prendra les mesures n\u00e9cessaires pour minimiser les risques correspondants.<\/p>\n<p><strong>PARTAGE ET DIVULGATION DE L\u2019INFORMATION<\/strong><\/p>\n<p>Vos Informations Personnelles peuvent \u00eatre transf\u00e9r\u00e9es ou communiqu\u00e9es, strictement aux fins pr\u00e9vues et n\u00e9cessaires, \u00e0 d\u2019autres bureaux d\u2019ORCOM C&amp;A, pour des op\u00e9rations de service, telles que la gestion des syst\u00e8mes d\u2019information, ou pour le traitement effectu\u00e9 par ces bureaux aux m\u00eames fins.<\/p>\n<p>Les informations personnelles que vous fournissez, dans le cadre d\u2019une demande d\u2019informations (brochures et informations, etc.) ne sont utilis\u00e9es que dans le cadre de l\u2019ex\u00e9cution de ces services ou offres d\u2019informations et ne sont divulgu\u00e9es, \u00e0 des tiers, que si cela est n\u00e9cessaire pour la r\u00e9alisation des services (soci\u00e9t\u00e9s qui fournissent des enveloppes, de l\u2019\u00e9tiquetage et de l\u2019envoi).<\/p>\n<p>Sauf dans les cas mentionn\u00e9s ci-dessus, les informations personnelles ne doivent pas \u00eatre divulgu\u00e9es ou c\u00e9d\u00e9es \u00e0 des tiers, sauf si :<\/p>\n<ul>\n<li>votre consentement \u00e9crit pour partager des donn\u00e9es avec des tiers a \u00e9t\u00e9 communiqu\u00e9 \u00e0 ORCOM C&amp;A;<\/li>\n<li>il existe un besoin de partager des informations avec des tiers afin de fournir le service demand\u00e9;<\/li>\n<\/ul>\n<p>il existe un besoin de se conformer aux demandes formul\u00e9es par les autorit\u00e9s judiciaires ou de s\u00e9curit\u00e9 publique<\/p>\n<p><strong>Vous avez pris connaissance et acceptez qu\u2019ORCOM C&amp;A puisse partager vos informations personnelles avec les tiers susmentionn\u00e9s aux fins d\u00e9crites dans la politique de confidentialit\u00e9 et conform\u00e9ment \u00e0 ses dispositions.<\/strong><\/p>\n<p><strong>EXCEPTIONS POUR LE TRAITEMENT DES DONN\u00c9ES<\/strong><\/p>\n<p>Dans les circonstances suivantes, vous acceptez qu\u2019ORCOM C&amp;A puisse recueillir et utiliser vos informations personnelles sans votre consentement :<\/p>\n<ul>\n<li>lorsque cela est n\u00e9cessaire \u00e0 la conclusion ou \u00e0 l\u2019ex\u00e9cution d\u2019un contrat auquel vous \u00eates partie prenante, ou lorsque cela est n\u00e9cessaire \u00e0 la gestion des ressources humaines dans le cadre d\u2019une politique de l\u2019emploi l\u00e9galement \u00e9tablie ou d\u2019un contrat collectif l\u00e9galement conclu ;<\/li>\n<li>lorsque cela est n\u00e9cessaire \u00e0 l\u2019ex\u00e9cution d\u2019une responsabilit\u00e9 ou d\u2019une obligation l\u00e9gale ;<\/li>\n<li>lorsque cela est n\u00e9cessaire pour r\u00e9pondre \u00e0 une urgence de sant\u00e9 publique ou pour prot\u00e9ger la vie, la sant\u00e9 ou la s\u00e9curit\u00e9 des biens de la personne physique en cas d\u2019urgence;<\/li>\n<li>lorsque les informations personnelles sont trait\u00e9es, dans une mesure raisonnable, pour effectuer des reportages d\u2019actualit\u00e9, une supervision par des opinions publiques ou toute autre activit\u00e9 \u00e0 des fins d\u2019int\u00e9r\u00eat public;<\/li>\n<li>lorsque les informations personnelles , qui ont d\u00e9j\u00e0 \u00e9t\u00e9 divulgu\u00e9es par la personne ou autrement divulgu\u00e9es l\u00e9galement, sont trait\u00e9es dans une mesure raisonnable et conform\u00e9ment aux lois applicables en RPC; et<\/li>\n<li>toute autre circonstance telle que pr\u00e9vue par la politique de confidentialit\u00e9, la loi ou les r\u00e8glements administratifs applicables en RPC<\/li>\n<\/ul>\n<p><strong>TRANSFERT TRANSFRONTALIER<\/strong><\/p>\n<p>En principe, ORCOM C&amp;A stockera vos informations personnelles en RPC. Dans certaines circonstances, lorsque les lois applicables le permettent et sous r\u00e9serve des besoins de l\u2019entreprise, vos informations personnelles peuvent \u00eatre transf\u00e9r\u00e9es et trait\u00e9es en dehors de la RPC ou accessibles en dehors de la RPC. Si ORCOM C&amp;A transf\u00e8re vos informations personnelles en dehors de la RPC, ORCOM C&amp;A prendra des mesures pour prot\u00e9ger et sauvegarder vos informations personnelles afin de s\u2019assurer qu\u2019elles sont trait\u00e9es en toute s\u00e9curit\u00e9 et conform\u00e9ment \u00e0 la politique de confidentialit\u00e9 ainsi qu\u2019aux lois applicables en RPC. Une\u00a0 juridiction en dehors de la RPC peut avoir des lois diff\u00e9rentes sur la protection des donn\u00e9es, voire aucune loi applicable sur la protection des donn\u00e9es. Dans de telles circonstances, ORCOM C&amp;A veillera \u00e0 prot\u00e9ger vos informations personnelles dans une mesure \u00e9quivalente \u00e0 celle de la RPC. ORCOM C&amp;A garantira toujours la s\u00e9curit\u00e9 de l\u2019information pendant la gestion, le traitement technique et d\u2019autres processus, afin d\u2019\u00e9viter que vos informations personnelles ne soient endommag\u00e9es lors d\u2019accidents divers pr\u00e9visibles.<\/p>\n<p>Afin de mieux prot\u00e9ger vos informations personnelles, ORCOM C&amp;A :<\/p>\n<ul>\n<li>vous demandera et obtiendra votre consentement pr\u00e9alable avant le transfert, hors de la RPC, de vos informations personnelles;<\/li>\n<li>vous informera des \u00e9l\u00e9ments et contenus sp\u00e9cifiques concernant les informations personnelles \u00e0 transf\u00e9rer en dehors de la RPC, tels que le nom du destinataire \u00e9tranger, ses coordonn\u00e9es, le but du transfert hors de la RPC, la m\u00e9thode de traitement, le type d\u2019informations personnelles \u00e0 transf\u00e9rer hors de la RPC, etc.;<\/li>\n<li>proc\u00e9dera \u00e0 une analyse d\u2019impact pr\u00e9alable et conservera ce dossier; et<\/li>\n<li>prendra des mesures pour s\u2019assurer que le destinataire \u00e0 l\u2019\u00e9tranger respectera la norme de protection des informations personnelles et de la vie priv\u00e9e stipul\u00e9e dans les lois de la RPC et la politique de confidentialit\u00e9\u00a0; telles que la conclusion d\u2019un contrat avec le destinataire \u00e0 l\u2019\u00e9tranger sp\u00e9cifiant les droits et obligations des deux parties concernant la protection des informations personnelles.<\/li>\n<\/ul>\n<p><strong>Vous avez pris connaissance et acceptez qu\u2019ORCOM C&amp;A puisse transf\u00e9rer vos informations personnelles \u00e0 des destinataires localis\u00e9s en dehors de la RPC conform\u00e9ment \u00e0 la politique de confidentialit\u00e9 ainsi qu\u2019aux lois applicables.<\/strong><\/p>\n<p><strong>TRAITEMENT DES DONN\u00c9ES SENSIBLES<\/strong><\/p>\n<p>Dans le cas o\u00f9 un curriculum vitae, contenant des informations personnelles sensibles, c\u2019est-\u00e0-dire des donn\u00e9es concernant votre \u00e9tat de sant\u00e9, , vos croyances religieuses ou votre affiliation syndicale (ou votre appartenance \u00e0 une organisation de nature similaire), des informations judiciaires et des donn\u00e9es relatives \u00e0 vos origines raciales et ethniques, est envoy\u00e9 sans consentement \u00e9crit expr\u00e8s autorisant le traitement de donn\u00e9es sensibles, ce consentement sera sp\u00e9cifiquement demand\u00e9 par \u00e9crit. En l\u2019absence d\u2019un consentement \u00e9crit dans les quatorze (14) jours suivants, ces donn\u00e9es seront d\u00e9truites.<\/p>\n<p><strong>DUR\u00c9E DE CONSERVATION DES DONN\u00c9E<\/strong><\/p>\n<p>Vos informations personnelles peuvent \u00eatre conserv\u00e9es aupr\u00e8s d\u2019ORCOM C&amp;A ou d\u2019une autre soci\u00e9t\u00e9 de stockage externe, pendant une p\u00e9riode n\u2019exc\u00e9dant pas le temps n\u00e9cessaire aux fins pour lesquelles les informations personnelles ont \u00e9t\u00e9 collect\u00e9es ou trait\u00e9es ult\u00e9rieurement, conform\u00e9ment aux lois et r\u00e8glements applicables et \u00e0 la politique de confidentialit\u00e9. Vos informations personnelles seront supprim\u00e9es ou anonymis\u00e9es apr\u00e8s l\u2019expiration de la p\u00e9riode de conservation.<\/p>\n<p><strong>VOS DROITS<\/strong><\/p>\n<p>Vous pouvez \u00e0 tout moment soumettre des demandes \u00e0 ORCOM C&amp;A pour exercer les droits pr\u00e9vus relatifs aux Informations personnelles, en vertu des lois et r\u00e8glements applicables en RPC, y compris le droit d\u2019obtenir l\u2019acc\u00e8s \u00e0 vos Informations personnelles, la rectification et, dans les cas pr\u00e9vus par la loi, l\u2019effacement, la limitation du traitement et la portabilit\u00e9 des donn\u00e9es &#8211; via les coordonn\u00e9es indiqu\u00e9es ci-apr\u00e8s.<\/p>\n<p>Vous acceptez que tout litige caus\u00e9 par cette politique entre vous et ORCOM C&amp;A soit r\u00e9gi par les lois de la RPC, \u00e0 l\u2019exception de la r\u00e8gle de conflit.<\/p>\n<p><strong>LIENS VERS D\u2019AUTRES SITES INTERNET<\/strong><\/p>\n<p>Ce site Internet peut contenir des liens vers d\u2019autres sites internet g\u00e9r\u00e9s par des tiers. Vous devez examiner attentivement les politiques de confidentialit\u00e9 ou les avis et pratiques des autres sites Internet, car ORCOM C&amp;A ne peut pas contr\u00f4ler ou \u00eatre responsable de leurs politiques, avis ou pratiques de confidentialit\u00e9. Pour les liens vers d\u2019autres sites internet, veuillez consulter les conditions de confidentialit\u00e9 de ces sites ainsi que celles qui peuvent diff\u00e9rer de celles de ce site Internet.<\/p>\n<p><strong>MODIFICATIONS DE LA POLITIQUE DE CONFIDENTIALIT\u00c9 ACTUELLE<\/strong><\/p>\n<p>Cette politique de confidentialit\u00e9 a \u00e9t\u00e9 mise \u00e0 jour pour la derni\u00e8re fois le <strong>28 avril 2023<\/strong>.<\/p>\n<p>De temps \u00e0 autre, ORCOM C&amp;A v\u00e9rifie sa politique de s\u00e9curit\u00e9 et de confidentialit\u00e9 et, le cas \u00e9ch\u00e9ant, peut modifier cette politique pour refl\u00e9ter les changements dans la l\u00e9gislation et les meilleures pratiques organisationnelles ou les am\u00e9liorations de la fonctionnalit\u00e9 dict\u00e9es par l\u2019\u00e9volution technologique. En cas de changement de politique, la nouvelle version sera publi\u00e9e sur cette page du site. Sous r\u00e9serve de l\u2019obtention de votre consentement explicite tel que requis par la loi applicable, la nouvelle politique de confidentialit\u00e9 modifi\u00e9e s\u2019appliquera \u00e0 compter de cette date de r\u00e9vision. Par cons\u00e9quent, ORCOM C&amp;A vous encourage \u00e0 consulter p\u00e9riodiquement cette politique de confidentialit\u00e9 afin de rester inform\u00e9 de la fa\u00e7on dont vos informations sont prot\u00e9g\u00e9es par ORCOM C&amp;A.<\/p>\n<p><strong>DEMANDES DE RENSEIGNEMENTS, R\u00c9CLAMATIONS ET PROPOSITIONS<\/strong><\/p>\n<p>Toute personne qui souhaite recevoir de plus amples informations, soumettre des propositions personnelles, d\u00e9poser des plaintes ou des protestations en relation avec la politique de confidentialit\u00e9 de l\u2019organisation ou la mani\u00e8re dont ORCOM C&amp;A traite les informations personnelles, peut \u00e9crire \u00e0 l\u2019adresse e-mail suivante :\u00a0<a href=\"mailto:contact@orcomcn.com\">contact@orcomcn.com<\/a>.<\/p>\n<\/div><\/div><\/div><\/div><\/div>\n","protected":false},"excerpt":{"rendered":"","protected":false},"author":34,"featured_media":0,"parent":0,"menu_order":0,"comment_status":"closed","ping_status":"closed","template":"","meta":{"_seopress_robots_primary_cat":"","_seopress_titles_title":"","_seopress_titles_desc":"","_seopress_robots_index":"","footnotes":""},"class_list":["post-16385","page","type-page","status-publish"],"_links":{"self":[{"href":"https:\/\/www.orcomcn.com\/fr\/wp-json\/wp\/v2\/pages\/16385","targetHints":{"allow":["GET"]}}],"collection":[{"href":"https:\/\/www.orcomcn.com\/fr\/wp-json\/wp\/v2\/pages"}],"about":[{"href":"https:\/\/www.orcomcn.com\/fr\/wp-json\/wp\/v2\/types\/page"}],"author":[{"embeddable":true,"href":"https:\/\/www.orcomcn.com\/fr\/wp-json\/wp\/v2\/users\/34"}],"replies":[{"embeddable":true,"href":"https:\/\/www.orcomcn.com\/fr\/wp-json\/wp\/v2\/comments?post=16385"}],"version-history":[{"count":3,"href":"https:\/\/www.orcomcn.com\/fr\/wp-json\/wp\/v2\/pages\/16385\/revisions"}],"predecessor-version":[{"id":16390,"href":"https:\/\/www.orcomcn.com\/fr\/wp-json\/wp\/v2\/pages\/16385\/revisions\/16390"}],"wp:attachment":[{"href":"https:\/\/www.orcomcn.com\/fr\/wp-json\/wp\/v2\/media?parent=16385"}],"curies":[{"name":"wp","href":"https:\/\/api.w.org\/{rel}","templated":true}]}}