{"id":25319,"date":"2023-05-02T14:02:06","date_gmt":"2023-05-02T18:02:06","guid":{"rendered":"https:\/\/www.orcomcn.com\/politique-de-confidentialite\/"},"modified":"2023-10-05T15:25:16","modified_gmt":"2023-10-05T07:25:16","slug":"politique-de-confidentialite","status":"publish","type":"page","link":"https:\/\/www.orcomcn.com\/it\/politique-de-confidentialite\/","title":{"rendered":"Informativa sulla privacy"},"content":{"rendered":"<div class=\"fusion-fullwidth fullwidth-box fusion-builder-row-1 fusion-flex-container has-pattern-background has-mask-background nonhundred-percent-fullwidth non-hundred-percent-height-scrolling\" style=\"--awb-border-radius-top-left:0px;--awb-border-radius-top-right:0px;--awb-border-radius-bottom-right:0px;--awb-border-radius-bottom-left:0px;--awb-flex-wrap:wrap;\" ><div class=\"fusion-builder-row fusion-row fusion-flex-align-items-flex-start fusion-flex-content-wrap\" style=\"max-width:1216.8px;margin-left: calc(-4% \/ 2 );margin-right: calc(-4% \/ 2 );\"><div class=\"fusion-layout-column fusion_builder_column fusion-builder-column-0 fusion_builder_column_1_1 1_1 fusion-flex-column\" style=\"--awb-bg-size:cover;--awb-width-large:100%;--awb-margin-top-large:15px;--awb-spacing-right-large:1.92%;--awb-margin-bottom-large:0px;--awb-spacing-left-large:1.92%;--awb-width-medium:100%;--awb-order-medium:0;--awb-spacing-right-medium:1.92%;--awb-spacing-left-medium:1.92%;--awb-width-small:100%;--awb-order-small:0;--awb-spacing-right-small:1.92%;--awb-spacing-left-small:1.92%;\"><div class=\"fusion-column-wrapper fusion-column-has-shadow fusion-flex-justify-content-flex-start fusion-content-layout-column\"><div class=\"fusion-text fusion-text-1\"><h1>Informativa sulla privacy<\/h1>\n<p>Benvenuti su <a href=\"http:\/\/www.orcomcn.com\">www.orcomcn.com<\/a> (&#8220;Sito Web&#8221;). Il presente sito web (compresi tutti gli accessi tramite browser web e tutte le relative applicazioni) \u00e8 fornito, posseduto e gestito da C&amp;A Advisors Enterprises Management Consulting (Shanghai) Co, Ltd (&#8220;ORCOM C&amp;A&#8221;). ORCOM C&amp;A si impegna a proteggere la vostra privacy.<\/p>\n<p>La politica di riservatezza \u00e8 redatta in inglese e pu\u00f2 essere tradotta in altre lingue. In caso di incongruenze tra la versione inglese e le altre versioni tradotte, prevarr\u00e0 la versione inglese. ORCOM C&amp;A si riserva il diritto di modificare la presente Informativa sulla privacy in base alle necessit\u00e0, compreso l&#8217;aggiornamento della stessa per riflettere i cambiamenti nelle proprie pratiche o attivit\u00e0 di trattamento dei dati.<\/p>\n<p><strong>Si prega di leggere e comprendere attentamente l&#8217;Informativa sulla privacy prima di utilizzare i servizi ORCOM C&amp;A o questo sito web, in particolare i termini in grassetto. La scelta di utilizzare o continuare a utilizzare i servizi di ORCOM C&amp;A e di utilizzare questo sito web implica la piena comprensione del contenuto dell&#8217;informativa sulla privacy e l&#8217;accettazione del fatto che ORCOM C&amp;A possa trattare i dati personali in conformit\u00e0 con le finalit\u00e0 e i mezzi di trattamento indicati di seguito, e con l&#8217;entit\u00e0 della divulgazione di tali dati. <\/strong>A scanso di equivoci, per informazioni personali (&#8220;informazioni personali&#8221;) si intende qualsiasi informazione (escluse le informazioni anonimizzate) registrata elettronicamente o con qualsiasi altro mezzo, su qualsiasi persona fisica identificata o identificabile.<\/p>\n<p><strong>METODO DI TRATTAMENTO<\/strong><\/p>\n<p>I vostri dati personali vengono raccolti e possono essere elaborati in seguito alla vostra visita a questo sito web, utilizzando i seguenti tipi di dati:<\/p>\n<p>(1) Dati di navigazione<\/p>\n<p>I sistemi informatici e le procedure software preposte al funzionamento di questo sito web possono raccogliere, nel corso del loro normale esercizio, alcuni dati personali la cui trasmissione \u00e8 implicita nell&#8217;uso dei protocolli di comunicazione di Internet.<\/p>\n<p>Si tratta di informazioni che non sono raccolte per essere associate a soggetti identificati, ma che per loro natura potrebbero, attraverso elaborazioni e insieme a dati detenuti da terzi, permettere di identificarvi.<\/p>\n<p>Questa categoria di dati comprende gli indirizzi IP o i nomi di dominio dei computer che si collegano a questo sito web, l&#8217;identificatore URI (Uniform Resource Identifier) della richiesta di risorse, l&#8217;orario della richiesta, la richiesta di invio della procedura al server, la dimensione del file di risposta ottenuto, il codice che descrive lo stato di servizio del server (successo, errore, ecc.) e altri parametri relativi al sistema operativo e alle impostazioni del vostro ambiente.<\/p>\n<p>Questi dati vengono utilizzati esclusivamente per raccogliere informazioni statistiche anonime sulle visite al sito e per monitorarne il funzionamento e vengono cancellati immediatamente dopo l&#8217;elaborazione. I dati possono essere utilizzati per determinare la responsabilit\u00e0 in caso di attacco o hacking del sito: ad eccezione di questo rischio, questi dati non vengono normalmente conservati per pi\u00f9 di sette (7) giorni.<\/p>\n<p>(2) Dati forniti volontariamente dall&#8217;utente<\/p>\n<p>L&#8217;invio di posta elettronica a discrezione dell&#8217;utente, in modo esplicito e volontario, agli indirizzi presenti su questo sito comporta la raccolta del suo indirizzo per rispondere alle richieste, eventualmente in aggiunta ad altre informazioni personali contenute nel messaggio. Su richiesta dell&#8217;utente, alcune righe di riepilogo verranno progressivamente visualizzate su questo sito web.<\/p>\n<p>(3) Oltre a quanto indicato in relazione ai dati di navigazione, l&#8217;utente ha la possibilit\u00e0 di fornire informazioni personali quali nome e indirizzo e-mail in appositi moduli, al fine di ricevere determinate informazioni o altri tipi di comunicazione. Questo tipo di informazioni personali sar\u00e0 utilizzato esclusivamente per rispondere alle richieste dell&#8217;utente in conformit\u00e0 alle leggi vigenti nella Repubblica Popolare Cinese (&#8221;RPC&#8221;).<\/p>\n<p><strong>L&#8217;utente riconosce e accetta che ORCOM C&amp;A possa trattare i suoi dati personali come sopra descritto in conformit\u00e0 alla presente Informativa sulla privacy e alla legge applicabile.<\/strong> I trattamenti di dati connessi ai servizi di questo Sito sono curati esclusivamente da personale tecnico di ORCOM C&amp;A incaricato del trattamento o della manutenzione.<\/p>\n<p><strong>USO DEI COOKIE<\/strong><\/p>\n<p>Questo sito web non raccoglie intenzionalmente alcuna informazione personale. Nella trasmissione dei vostri dati personali non verranno utilizzati cookie o sistemi di tracciamento di alcun tipo.<\/p>\n<p>L&#8217;uso dei cookie di sessione (&#8220;cookie di sessione&#8221; che non vengono memorizzati in modo permanente sul computer dell&#8217;utente e vengono cancellati una volta chiuso il browser) \u00e8 strettamente limitato all&#8217;identificazione delle informazioni di sessione (numeri generati casualmente dal server), necessarie per il funzionamento del sito web e per migliorare l&#8217;esperienza dell&#8217;utente. I cookie di sessione evitano l&#8217;uso di altri mezzi informatici, che possono potenzialmente violare la privacy dell&#8217;utente, e non consentono di raccogliere informazioni di identificazione personale.<\/p>\n<p>In ogni caso, se si sceglie di rifiutare il download di qualsiasi tipo di cookie da questo o altri siti web, \u00e8 possibile aumentare il livello di protezione della privacy modificando le impostazioni del browser.<\/p>\n<p>ORCOM C&amp;A informa l&#8217;utente che pu\u00f2, in qualsiasi momento, richiedere la cancellazione delle informazioni raccolte attraverso i cookie.<\/p>\n<p><strong>FINALIT\u00c0 DEL TRATTAMENTO<\/strong><\/p>\n<p>ORCOM C&amp;A pu\u00f2 utilizzare i vostri dati personali nelle seguenti situazioni:<\/p>\n<ul>\n<li>ORCOM C&amp;A utilizzer\u00e0 le informazioni personali dell&#8217;utente, in conformit\u00e0 con l&#8217;Informativa sulla privacy, per fornire tali servizi;<\/li>\n<li>Per garantire la stabilit\u00e0 e la sicurezza dei servizi, ORCOM C&amp;A utilizzer\u00e0 le informazioni personali dell&#8217;utente ai fini dell&#8217;autenticazione dell&#8217;identit\u00e0, delle misure di sicurezza, del monitoraggio delle frodi, della prevenzione o del divieto di attivit\u00e0 illegali, della riduzione dei rischi, dell&#8217;archiviazione e del backup;<\/li>\n<li>ORCOM C&amp;A pu\u00f2 utilizzare le informazioni personali dell&#8217;utente per eseguire analisi dei dati al fine di aiutare ORCOM C&amp;A a migliorare i propri servizi, fornendo cos\u00ec all&#8217;utente servizi che possano soddisfare meglio le sue esigenze. ORCOM C&amp;A pu\u00f2 condividere le informazioni personali dell&#8217;utente con agenzie governative, autorit\u00e0 legali o terze parti in conformit\u00e0 alle leggi, ai regolamenti o ai requisiti normativi applicabili nella RPC; e<\/li>\n<li>ORCOM C&amp;A compiler\u00e0 statistiche sull&#8217;utilizzo dei servizi e potr\u00e0 condividere tali dati statistici (che escludono le informazioni personali dell&#8217;utente) con il pubblico o con terzi per mostrare le tendenze generali nell&#8217;utilizzo dei servizi.<\/li>\n<\/ul>\n<p>ORCOM C&amp;A utilizzer\u00e0 i vostri dati personali:<\/p>\n<ul>\n<li>con l&#8217;autorizzazione o il consenso dell&#8217;utente.<\/li>\n<li>se ORCOM C&amp;A utilizza i vostri dati personali senza il vostro previo consenso, potrebbe esservi richiesto un ulteriore consenso.<\/li>\n<li>in conformit\u00e0 con l&#8217;Informativa sulla privacy e le leggi applicabili nella RPC.<\/li>\n<\/ul>\n<p><strong>L&#8217;utente riconosce e accetta che ORCOM C&amp;A possa utilizzare le sue Informazioni personali per gli scopi sopra indicati.<\/strong><\/p>\n<p><strong>PROTEZIONE DELLE INFORMAZIONI<\/strong><\/p>\n<p>I vostri dati personali sono trattati in modo automatizzato e strettamente limitato al tempo necessario per l&#8217;uso previsto.<\/p>\n<p>Vengono adottate misure di sicurezza adeguate per prevenire la perdita, l&#8217;uso illegale e l&#8217;accesso inappropriato o non autorizzato ai dati. ORCOM C&amp;A ha adottato tutte le misure minime di sicurezza previste dalla legge.<\/p>\n<p>ORCOM C&amp;A, in conformit\u00e0 ai principali standard internazionali e alle leggi applicabili nella RPC, ha inoltre adottato ulteriori misure di sicurezza per proteggere le informazioni personali raccolte e trattate e per ridurre al minimo i rischi per la disponibilit\u00e0 e la riservatezza dei dati raccolti.<\/p>\n<p>Se le strutture fisiche, tecniche o di backup di ORCOM C&amp;A vengono danneggiate, con conseguente accesso non autorizzato, divulgazione pubblica o distruzione delle informazioni personali dell&#8217;utente, ORCOM C&amp;A lo informer\u00e0 immediatamente e adotter\u00e0 misure per ridurre al minimo i rischi corrispondenti.<\/p>\n<p><strong>CONDIVISIONE E DIVULGAZIONE DELLE INFORMAZIONI<\/strong><\/p>\n<p>I Suoi Dati Personali potranno essere trasferiti o comunicati, per le finalit\u00e0 strettamente previste e necessarie, ad altri uffici di ORCOM C&amp;A, per operazioni di servizio, quali la gestione dei sistemi informativi, o per il trattamento da parte di tali uffici per le medesime finalit\u00e0.<\/p>\n<p>I dati personali forniti dall&#8217;utente nell&#8217;ambito di una richiesta di informazioni (opuscoli e informazioni, ecc.) vengono utilizzati esclusivamente per l&#8217;esecuzione di tali servizi o offerte informative e vengono comunicati a terzi solo se ci\u00f2 \u00e8 necessario per l&#8217;esecuzione dei servizi (aziende che forniscono buste, etichettatura e spedizione).<\/p>\n<p>Ad eccezione di quanto sopra, le informazioni personali non saranno divulgate o trasferite a terzi a meno che:<\/p>\n<ul>\n<li>Il consenso scritto alla condivisione dei dati con terzi \u00e8 stato fornito a ORCOM C&amp;A;<\/li>\n<li>\u00e8 necessario condividere le informazioni con terzi per fornire il servizio richiesto;<\/li>\n<\/ul>\n<p>\u00e8 necessario adempiere alle richieste delle autorit\u00e0 giudiziarie o di pubblica sicurezza<\/p>\n<p><strong>L&#8217;utente \u00e8 consapevole e accetta che ORCOM C&amp;A possa condividere i suoi dati personali con le terze parti di cui sopra per gli scopi descritti nella presente Informativa sulla privacy e in conformit\u00e0 con i suoi termini.<\/strong><\/p>\n<p><strong>ECCEZIONI AL TRATTAMENTO DEI DATI<\/strong><\/p>\n<p>Nelle seguenti circostanze, l&#8217;utente accetta che ORCOM C&amp;A possa raccogliere e utilizzare i suoi dati personali senza il suo consenso:<\/p>\n<ul>\n<li>se ci\u00f2 \u00e8 necessario per la conclusione o l&#8217;esecuzione di un contratto di cui siete parte, o se \u00e8 necessario per la gestione delle risorse umane nell&#8217;ambito di una politica occupazionale legalmente stabilita o di un contratto collettivo legalmente concluso;<\/li>\n<li>qualora ci\u00f2 sia necessario per adempiere a una responsabilit\u00e0 o a un obbligo legale;<\/li>\n<li>se necessario per rispondere a un&#8217;emergenza di salute pubblica o per proteggere la vita, la salute o la propriet\u00e0 dell&#8217;individuo in caso di emergenza;<\/li>\n<li>quando le informazioni personali sono trattate, in misura ragionevole, ai fini dell&#8217;informazione giornalistica, del controllo dell&#8217;opinione pubblica o di qualsiasi altra attivit\u00e0 di interesse pubblico;<\/li>\n<li>quando le informazioni personali, che sono gi\u00e0 state divulgate dall&#8217;individuo o altrimenti divulgate legittimamente, sono trattate in misura ragionevole e in conformit\u00e0 alle leggi applicabili nella RPC; e<\/li>\n<li>qualsiasi altra circostanza prevista dall&#8217;informativa sulla privacy, dalla legge o dai regolamenti amministrativi applicabili nella RPC<\/li>\n<\/ul>\n<p><strong>TRASFERIMENTO TRANSFRONTALIERO<\/strong><\/p>\n<p>In linea di principio, ORCOM C&amp;A memorizzer\u00e0 i vostri dati personali nella RPC. In determinate circostanze, ove consentito dalla legge applicabile e in base alle esigenze aziendali, le informazioni personali dell&#8217;utente possono essere trasferite ed elaborate al di fuori della RPC o consultate al di fuori della RPC. Se ORCOM C&amp;A trasferisce le informazioni personali dell&#8217;utente al di fuori della RPC, ORCOM C&amp;A adotter\u00e0 misure per proteggere e salvaguardare le informazioni personali dell&#8217;utente per garantire che siano trattate in modo sicuro e in conformit\u00e0 con la Politica sulla privacy e le leggi applicabili nella RPC. Le giurisdizioni al di fuori della RPC possono avere leggi diverse in materia di protezione dei dati o non avere alcuna legge applicabile in materia di protezione dei dati. In tali circostanze, ORCOM C&amp;A protegger\u00e0 le informazioni personali dell&#8217;utente nella stessa misura della RPC. ORCOM C&amp;A garantir\u00e0 sempre la sicurezza delle informazioni durante la gestione, l&#8217;elaborazione tecnica e altri processi, al fine di evitare che i vostri dati personali vengano danneggiati in vari incidenti prevedibili.<\/p>\n<p>Per proteggere meglio i vostri dati personali, ORCOM C&amp;A :<\/p>\n<ul>\n<li>chieder\u00e0 e otterr\u00e0 il consenso preventivo dell&#8217;utente prima di trasferire i suoi dati personali al di fuori della RPC;<\/li>\n<li>vi informer\u00e0 degli elementi e dei contenuti specifici relativi alle informazioni personali da trasferire al di fuori della RPC, come il nome del destinatario straniero, i suoi dettagli di contatto, lo scopo del trasferimento al di fuori della RPC, il metodo di trattamento, il tipo di informazioni personali da trasferire al di fuori della RPC, ecc;<\/li>\n<li>effettuare una valutazione d&#8217;impatto preliminare e conservarla; e<\/li>\n<li>adotter\u00e0 misure per garantire che il destinatario estero rispetti gli standard di protezione delle informazioni personali e della privacy stabiliti dalle leggi della RPC e dalla Politica sulla privacy, ad esempio stipulando un contratto con il destinatario estero che specifichi i diritti e gli obblighi di entrambe le parti in materia di protezione delle informazioni personali.<\/li>\n<\/ul>\n<p><strong>L&#8217;utente riconosce e accetta che ORCOM C&amp;A possa trasferire i suoi dati personali a destinatari al di fuori della RPC in conformit\u00e0 con la presente Informativa sulla privacy e le leggi applicabili.<\/strong><\/p>\n<p><strong>GESTIONE DEI DATI SENSIBILI<\/strong><\/p>\n<p>Nel caso in cui venga inviato un curriculum vitae contenente dati personali sensibili, ovvero dati relativi allo stato di salute, alle convinzioni religiose o all&#8217;appartenenza a un sindacato (o a un&#8217;organizzazione di natura analoga), dati giudiziari e dati relativi alle origini razziali ed etniche, senza un esplicito consenso scritto che autorizzi il trattamento dei dati sensibili, tale consenso sar\u00e0 specificamente richiesto per iscritto. In assenza di un consenso scritto entro quattordici (14) giorni, questi dati saranno distrutti.<\/p>\n<p><strong>PERIODO DI CONSERVAZIONE DEI DATI<\/strong><\/p>\n<p>Le informazioni personali dell&#8217;utente possono essere conservate da ORCOM C&amp;A o da un&#8217;altra societ\u00e0 di archiviazione esterna per un periodo di tempo non superiore a quello necessario per gli scopi per i quali le informazioni personali sono state raccolte o successivamente elaborate, in conformit\u00e0 alle leggi e ai regolamenti applicabili e alla Politica sulla privacy. I vostri dati personali saranno cancellati o resi anonimi una volta scaduto il periodo di conservazione.<\/p>\n<p><strong>I TUOI DIRITTI<\/strong><\/p>\n<p>L&#8217;utente pu\u00f2 in qualsiasi momento presentare richieste a ORCOM C&amp;A per esercitare i diritti previsti in relazione ai Dati personali ai sensi delle leggi e dei regolamenti applicabili nella RPC, tra cui il diritto di ottenere l&#8217;accesso ai propri Dati personali, la rettifica e, ove previsto dalla legge, la cancellazione, la limitazione del trattamento e la portabilit\u00e0 dei dati &#8211; tramite i dettagli di contatto indicati di seguito.<\/p>\n<p>L&#8217;utente accetta che qualsiasi controversia derivante dalla presente politica tra l&#8217;utente e ORCOM C&amp;A sar\u00e0 disciplinata dalle leggi della RPC, ad esclusione delle norme sul conflitto di leggi.<\/p>\n<p><strong>LINK AD ALTRI SITI WEB<\/strong><\/p>\n<p>Questo sito web pu\u00f2 contenere link ad altri siti web gestiti da terzi. L&#8217;utente dovrebbe esaminare attentamente le politiche sulla privacy o gli avvisi e le pratiche di altri siti web, in quanto ORCOM C&amp;A non pu\u00f2 controllare o essere responsabile delle loro politiche sulla privacy, avvisi o pratiche. Per i link ad altri siti web, si prega di consultare le condizioni di riservatezza di questi siti, che possono differire da quelle di questo sito.<\/p>\n<p><strong>MODIFICHE ALL&#8217;ATTUALE INFORMATIVA SULLA PRIVACY<\/strong><\/p>\n<p>La presente informativa sulla privacy \u00e8 stata aggiornata l&#8217;ultima volta il <strong>28 aprile 2023<\/strong>.<\/p>\n<p>Di tanto in tanto, ORCOM C&amp;A rivede la propria politica di sicurezza e privacy e, se del caso, pu\u00f2 modificare questa politica per riflettere le modifiche della legislazione e delle migliori pratiche organizzative o i miglioramenti della funzionalit\u00e0 dettati dagli sviluppi tecnologici. Se la politica cambia, la nuova versione sar\u00e0 pubblicata su questa pagina del sito. Previo consenso esplicito dell&#8217;utente, come richiesto dalla legge applicabile, la nuova informativa sulla privacy modificata si applicher\u00e0 a partire da questa data di revisione. Pertanto, ORCOM C&amp;A vi incoraggia a rivedere periodicamente questa Dichiarazione per essere informati su come ORCOM C&amp;A sta proteggendo le vostre informazioni.<\/p>\n<p><strong>RICHIESTE DI INFORMAZIONI, RECLAMI E PROPOSTE<\/strong><\/p>\n<p>Chiunque desideri ricevere ulteriori informazioni, presentare proposte personali, avanzare reclami o proteste in relazione alla politica sulla privacy dell&#8217;organizzazione o al modo in cui ORCOM C&amp;A tratta i dati personali, pu\u00f2 scrivere al seguente indirizzo e-mail: <a href=\"mailto:contact@orcomcn.com\">contact@orcomcn.com.<\/a><\/p>\n<\/div><\/div><\/div><\/div><\/div>\n","protected":false},"excerpt":{"rendered":"","protected":false},"author":34,"featured_media":0,"parent":0,"menu_order":0,"comment_status":"closed","ping_status":"closed","template":"","meta":{"_seopress_robots_primary_cat":"","_seopress_titles_title":"","_seopress_titles_desc":"","_seopress_robots_index":"","footnotes":""},"class_list":["post-25319","page","type-page","status-publish"],"_links":{"self":[{"href":"https:\/\/www.orcomcn.com\/it\/wp-json\/wp\/v2\/pages\/25319","targetHints":{"allow":["GET"]}}],"collection":[{"href":"https:\/\/www.orcomcn.com\/it\/wp-json\/wp\/v2\/pages"}],"about":[{"href":"https:\/\/www.orcomcn.com\/it\/wp-json\/wp\/v2\/types\/page"}],"author":[{"embeddable":true,"href":"https:\/\/www.orcomcn.com\/it\/wp-json\/wp\/v2\/users\/34"}],"replies":[{"embeddable":true,"href":"https:\/\/www.orcomcn.com\/it\/wp-json\/wp\/v2\/comments?post=25319"}],"version-history":[{"count":12,"href":"https:\/\/www.orcomcn.com\/it\/wp-json\/wp\/v2\/pages\/25319\/revisions"}],"predecessor-version":[{"id":25619,"href":"https:\/\/www.orcomcn.com\/it\/wp-json\/wp\/v2\/pages\/25319\/revisions\/25619"}],"wp:attachment":[{"href":"https:\/\/www.orcomcn.com\/it\/wp-json\/wp\/v2\/media?parent=25319"}],"curies":[{"name":"wp","href":"https:\/\/api.w.org\/{rel}","templated":true}]}}