{"id":25317,"date":"2023-05-02T14:02:06","date_gmt":"2023-05-02T18:02:06","guid":{"rendered":"https:\/\/www.orcomcn.com\/politique-de-confidentialite\/"},"modified":"2023-10-05T15:23:31","modified_gmt":"2023-10-05T07:23:31","slug":"politique-de-confidentialite","status":"publish","type":"page","link":"https:\/\/www.orcomcn.com\/zh-hans\/politique-de-confidentialite\/","title":{"rendered":"\u9690\u79c1\u653f\u7b56"},"content":{"rendered":"<div class=\"fusion-fullwidth fullwidth-box fusion-builder-row-1 fusion-flex-container has-pattern-background has-mask-background nonhundred-percent-fullwidth non-hundred-percent-height-scrolling\" style=\"--awb-border-radius-top-left:0px;--awb-border-radius-top-right:0px;--awb-border-radius-bottom-right:0px;--awb-border-radius-bottom-left:0px;--awb-flex-wrap:wrap;\" ><div class=\"fusion-builder-row fusion-row fusion-flex-align-items-flex-start fusion-flex-content-wrap\" style=\"max-width:1216.8px;margin-left: calc(-4% \/ 2 );margin-right: calc(-4% \/ 2 );\"><div class=\"fusion-layout-column fusion_builder_column fusion-builder-column-0 fusion_builder_column_1_1 1_1 fusion-flex-column\" style=\"--awb-bg-size:cover;--awb-width-large:100%;--awb-margin-top-large:15px;--awb-spacing-right-large:1.92%;--awb-margin-bottom-large:0px;--awb-spacing-left-large:1.92%;--awb-width-medium:100%;--awb-order-medium:0;--awb-spacing-right-medium:1.92%;--awb-spacing-left-medium:1.92%;--awb-width-small:100%;--awb-order-small:0;--awb-spacing-right-small:1.92%;--awb-spacing-left-small:1.92%;\"><div class=\"fusion-column-wrapper fusion-column-has-shadow fusion-flex-justify-content-flex-start fusion-content-layout-column\"><div class=\"fusion-text fusion-text-1\"><h1>\u9690\u79c1\u653f\u7b56<\/h1>\n<p>\u6b22\u8fce\u8bbf\u95ee<a href=\"http:\/\/www.orcomcn.com\">www.orcomcn.com<\/a>\uff08\u4ee5\u4e0b\u7b80\u79f0 &#8220;\u7f51\u7ad9&#8221;\uff09\u3002 \u672c\u7f51\u7ad9\uff08\u5305\u62ec\u6240\u6709\u901a\u8fc7\u7f51\u7edc\u6d4f\u89c8\u5668\u7684\u8bbf\u95ee\u548c\u6240\u6709\u76f8\u5173\u5e94\u7528\u7a0b\u5e8f\uff09\u7531\u601d\u5b89\u8fbe\u4f01\u4e1a\u7ba1\u7406\u54a8\u8be2\uff08\u4e0a\u6d77\uff09\u6709\u9650\u516c\u53f8\uff08&#8221;\u601d\u5b89\u8fbe&#8221;\uff09\u63d0\u4f9b\u3001\u62e5\u6709\u548c\u8fd0\u8425\u3002 ORCOM C&amp;A \u81f4\u529b\u4e8e\u4fdd\u62a4\u60a8\u7684\u9690\u79c1\u3002<\/p>\n<p>\u4fdd\u5bc6\u653f\u7b56\u4ee5\u82f1\u6587\u64b0\u5199\uff0c\u53ef\u7ffb\u8bd1\u6210\u5176\u4ed6\u8bed\u8a00\u3002 \u5982\u679c\u82f1\u6587\u7248\u672c\u4e0e\u5176\u4ed6\u7ffb\u8bd1\u7248\u672c\u4e0d\u4e00\u81f4\uff0c\u5e94\u4ee5\u82f1\u6587\u7248\u672c\u4e3a\u51c6\u3002 ORCOM C&amp;A \u4fdd\u7559\u5728\u5fc5\u8981\u65f6\u4fee\u6539\u672c\u9690\u79c1\u653f\u7b56\u7684\u6743\u5229\uff0c\u5305\u62ec\u66f4\u65b0\u653f\u7b56\u4ee5\u53cd\u6620\u5176\u6570\u636e\u5904\u7406\u5b9e\u8df5\u6216\u6d3b\u52a8\u7684\u53d8\u5316\u3002<\/p>\n<p><strong>\u5728\u4f7f\u7528 ORCOM C&amp;A \u670d\u52a1\u6216\u672c\u7f51\u7ad9\u4e4b\u524d\uff0c\u8bf7\u4ed4\u7ec6\u9605\u8bfb\u5e76\u7406\u89e3\u9690\u79c1\u653f\u7b56\uff0c\u5c24\u5176\u662f\u7c97\u4f53\u5b57\u6761\u6b3e\u3002 \u60a8\u9009\u62e9\u4f7f\u7528\u6216\u7ee7\u7eed\u4f7f\u7528 ORCOM C&amp;A \u7684\u670d\u52a1\u4ee5\u53ca\u4f7f\u7528\u672c\u7f51\u7ad9\uff0c\u5373\u8868\u793a\u60a8\u5b8c\u5168\u7406\u89e3\u9690\u79c1\u653f\u7b56\u7684\u5185\u5bb9\uff0c\u5e76\u540c\u610f ORCOM C&amp;A \u6839\u636e\u4ee5\u4e0b\u89c4\u5b9a\u7684\u76ee\u7684\u548c\u5904\u7406\u65b9\u5f0f\u4ee5\u53ca\u6b64\u7c7b\u6570\u636e\u7684\u62ab\u9732\u8303\u56f4\u5904\u7406\u4e2a\u4eba\u4fe1\u606f\u3002 <\/strong>Pour \u00e9viter toute ambigu\u00eft\u00e9, les informations personnelles (les \u00ab informations personnelles \u00bb) d\u00e9signent toute information (\u00e0 l\u2019exclusion des informations anonymis\u00e9es) enregistr\u00e9e \u00e9lectroniquement ou par un autre moyen, concernant toute personne physique identifi\u00e9e ou identifiable.<\/p>\n<p><strong>\u5904\u7406\u65b9\u6cd5<\/strong><\/p>\n<p>\u5728\u60a8\u8bbf\u95ee\u672c\u7f51\u7ad9\u540e\uff0c\u6211\u4eec\u4f1a\u4f7f\u7528\u4ee5\u4e0b\u7c7b\u578b\u7684\u6570\u636e\u6536\u96c6\u5e76\u5904\u7406\u60a8\u7684\u4e2a\u4eba\u4fe1\u606f\uff1a<\/p>\n<p>(1) \u5bfc\u822a\u6570\u636e<\/p>\n<p>\u4e3a\u8fd0\u884c\u672c\u7f51\u7ad9\u800c\u5b9e\u65bd\u7684\u4fe1\u606f\u7cfb\u7edf\u548c\u8f6f\u4ef6\u7a0b\u5e8f\u53ef\u80fd\u4f1a\u5728\u6b63\u5e38\u8fd0\u884c\u8fc7\u7a0b\u4e2d\u6536\u96c6\u67d0\u4e9b\u4e2a\u4eba\u4fe1\u606f\uff0c\u8fd9\u4e9b\u4fe1\u606f\u7684\u4f20\u8f93\u4e0e\u4e92\u8054\u7f51\u901a\u4fe1\u534f\u8bae\u7684\u4f7f\u7528\u5bc6\u4e0d\u53ef\u5206\u3002<\/p>\n<p>\u8fd9\u4e9b\u4fe1\u606f\u4e0d\u662f\u4e3a\u4e86\u4e0e\u5df2\u8bc6\u522b\u7684\u4e3b\u4f53\u76f8\u5173\u8054\u800c\u6536\u96c6\u7684\uff0c\u4f46\u7531\u4e8e\u5176\u56fa\u6709\u6027\u8d28\uff0c\u901a\u8fc7\u5904\u7406\u5e76\u4e0e\u7b2c\u4e09\u65b9\u6301\u6709\u7684\u6570\u636e\u7ed3\u5408\uff0c\u53ef\u80fd\u4f1a\u4f7f\u60a8\u7684\u8eab\u4efd\u88ab\u8bc6\u522b\u3002<\/p>\n<p>\u6b64\u7c7b\u6570\u636e\u5305\u62ec\u60a8\u8fde\u63a5\u5230\u672c\u7f51\u7ad9\u7684\u8ba1\u7b97\u673a\u7684 IP \u5730\u5740\u6216\u57df\u540d\u3001\u8d44\u6e90\u8bf7\u6c42\u7684 URI\uff08\u7edf\u4e00\u8d44\u6e90\u6807\u8bc6\u7b26\uff09\u6807\u8bc6\u7b26\u3001\u8bf7\u6c42\u65f6\u95f4\u3001\u5411\u670d\u52a1\u5668\u63d0\u4ea4\u7a0b\u5e8f\u7684\u8bf7\u6c42\u3001\u83b7\u5f97\u7684\u54cd\u5e94\u6587\u4ef6\u7684\u5927\u5c0f\u3001\u63cf\u8ff0\u670d\u52a1\u5668\u670d\u52a1\u72b6\u6001\u7684\u4ee3\u7801\uff08\u6210\u529f\u3001\u9519\u8bef\u7b49\uff09\u4ee5\u53ca\u4e0e\u64cd\u4f5c\u7cfb\u7edf\u548c\u60a8\u7684\u73af\u5883\u8bbe\u7f6e\u6709\u5173\u7684\u5176\u4ed6\u53c2\u6570\u3002<\/p>\n<p>\u8fd9\u4e9b\u6570\u636e\u4ec5\u7528\u4e8e\u6536\u96c6\u6709\u5173\u8bbf\u95ee\u672c\u7f51\u7ad9\u7684\u533f\u540d\u7edf\u8ba1\u4fe1\u606f\u548c\u68c0\u67e5\u7f51\u7ad9\u662f\u5426\u6b63\u5e38\u8fd0\u884c\uff0c\u5e76\u5728\u5904\u7406\u540e\u7acb\u5373\u5220\u9664\u3002 \u8fd9\u4e9b\u6570\u636e\u53ef\u7528\u4e8e\u786e\u5b9a\u7f51\u7ad9\u53d7\u5230\u653b\u51fb\u6216\u9ed1\u5ba2\u653b\u51fb\u65f6\u7684\u8d23\u4efb\uff1a\u9664\u6b64\u98ce\u9669\u5916\uff0c\u8fd9\u4e9b\u6570\u636e\u7684\u4fdd\u5b58\u65f6\u95f4\u901a\u5e38\u4e0d\u8d85\u8fc7\u4e03\uff087\uff09\u5929\u3002<\/p>\n<p>(2) \u60a8\u81ea\u613f\u63d0\u4f9b\u7684\u6570\u636e<\/p>\n<p>\u5728\u60a8\u660e\u786e\u548c\u81ea\u613f\u7684\u60c5\u51b5\u4e0b\uff0c\u5411\u672c\u7f51\u7ad9\u4e0a\u7684\u5730\u5740\u53d1\u9001\u7535\u5b50\u90ae\u4ef6\u65f6\uff0c\u6211\u4eec\u5c06\u6536\u96c6\u60a8\u7684\u5730\u5740\uff0c\u4ee5\u4fbf\u5bf9\u8bf7\u6c42\u4f5c\u51fa\u56de\u5e94\uff0c\u6b64\u5916\u8fd8\u53ef\u80fd\u6536\u96c6\u4fe1\u606f\u4e2d\u5305\u542b\u7684\u5176\u4ed6\u4e2a\u4eba\u4fe1\u606f\u3002 \u00c0 votre demande, certaines lignes de r\u00e9sum\u00e9 seront progressivement visualis\u00e9es sur ce site internet.<\/p>\n<p>(3) \u9664\u4e86\u4e0a\u8ff0\u4e0e\u6d4f\u89c8\u6570\u636e\u6709\u5173\u7684\u5185\u5bb9\u5916\uff0c\u60a8\u8fd8\u53ef\u4ee5\u9009\u62e9\u5728\u6307\u5b9a\u8868\u683c\u4e0a\u63d0\u4f9b\u4e2a\u4eba\u4fe1\u606f\uff0c\u5982\u59d3\u540d\u548c\u7535\u5b50\u90ae\u4ef6\u5730\u5740\uff0c\u4ee5\u4fbf\u63a5\u6536\u67d0\u4e9b\u4fe1\u606f\u6216\u5176\u4ed6\u7c7b\u578b\u7684\u901a\u4fe1\u3002 \u6b64\u7c7b\u4e2a\u4eba\u4fe1\u606f\u4ec5\u7528\u4e8e\u6839\u636e\u4e2d\u534e\u4eba\u6c11\u5171\u548c\u56fd\uff08&#8221;\u4e2d\u56fd&#8221;\uff09\u9002\u7528\u6cd5\u5f8b\u56de\u5e94\u60a8\u7684\u8bf7\u6c42\u3002<\/p>\n<p><strong>\u60a8\u77e5\u6653\u5e76\u540c\u610f ORCOM C&amp;A \u53ef\u6839\u636e\u672c\u9690\u79c1\u653f\u7b56\u548c\u9002\u7528\u6cd5\u5f8b\u6309\u4e0a\u8ff0\u89c4\u5b9a\u5904\u7406\u60a8\u7684\u4e2a\u4eba\u4fe1\u606f\u3002<\/strong> \u4e0e\u672c\u7f51\u7ad9\u670d\u52a1\u76f8\u5173\u7684\u6570\u636e\u5904\u7406\u4ec5\u7531 ORCOM C&amp;A \u8d1f\u8d23\u5904\u7406\u6216\u7ef4\u62a4\u7684\u6280\u672f\u4eba\u5458\u8fdb\u884c\u7ba1\u7406\u3002<\/p>\n<p><strong>COOKIES \u7684\u4f7f\u7528<\/strong><\/p>\n<p>\u672c\u7f51\u7ad9\u4e0d\u4f1a\u6709\u610f\u6536\u96c6\u60a8\u7684\u4efb\u4f55\u4e2a\u4eba\u4fe1\u606f\u3002 \u5728\u4f20\u8f93\u60a8\u7684\u4e2a\u4eba\u4fe1\u606f\u65f6\uff0c\u4e0d\u4f1a\u4f7f\u7528\u4efb\u4f55 cookie \u6216\u8ddf\u8e2a\u7cfb\u7edf\u3002<\/p>\n<p>\u4f1a\u8bdd cookie\uff08&#8221;\u4f1a\u8bdd cookie &#8220;\u4e0d\u4f1a\u6c38\u4e45\u4fdd\u5b58\u5728\u60a8\u7684\u8ba1\u7b97\u673a\u4e0a\uff0c\u6d4f\u89c8\u5668\u5173\u95ed\u540e\u5373\u4f1a\u5220\u9664\uff09\u7684\u4f7f\u7528\u4e25\u683c\u9650\u4e8e\u8bc6\u522b\u4f1a\u8bdd\u4fe1\u606f\uff08\u7531\u670d\u52a1\u5668\u968f\u673a\u751f\u6210\u7684\u6570\u5b57\uff09\uff0c\u8fd9\u662f\u8fd0\u884c\u672c\u7f51\u7ad9\u548c\u6539\u5584\u60a8\u7684\u7528\u6237\u4f53\u9a8c\u6240\u5fc5\u9700\u7684\u3002 \u4f1a\u8bdd cookie \u53ef\u907f\u514d\u4f7f\u7528\u5176\u4ed6\u53ef\u80fd\u4fb5\u72af\u60a8\u9690\u79c1\u7684\u4fe1\u606f\u6280\u672f\u624b\u6bb5\uff0c\u4e5f\u4e0d\u4f1a\u6536\u96c6\u60a8\u7684\u4e2a\u4eba\u8eab\u4efd\u4fe1\u606f\u3002<\/p>\n<p>\u65e0\u8bba\u5982\u4f55\uff0c\u5982\u679c\u60a8\u9009\u62e9\u62d2\u7edd\u4ece\u672c\u7f51\u7ad9\u6216\u5176\u4ed6\u7f51\u7ad9\u4e0b\u8f7d\u4efb\u4f55\u7c7b\u578b\u7684 cookie\uff0c\u60a8\u53ef\u4ee5\u901a\u8fc7\u4fee\u6539\u6d4f\u89c8\u5668\u8bbe\u7f6e\u6765\u63d0\u9ad8\u9690\u79c1\u4fdd\u62a4\u6c34\u5e73\u3002<\/p>\n<p>ORCOM C&amp;A vous informe que vous pouvez exiger, \u00e0 tout moment, la suppression des informations collect\u00e9es par le biais des cookies.<\/p>\n<p><strong>\u5904\u7406\u76ee\u7684<\/strong><\/p>\n<p>ORCOM C&amp;A \u53ef\u80fd\u4f1a\u5728\u4ee5\u4e0b\u60c5\u51b5\u4e0b\u4f7f\u7528\u60a8\u7684\u4e2a\u4eba\u4fe1\u606f\uff1a<\/p>\n<ul>\n<li>ORCOM C&amp;A \u5c06\u6839\u636e\u9690\u79c1\u653f\u7b56\u4f7f\u7528\u60a8\u7684\u4e2a\u4eba\u4fe1\u606f\u6765\u63d0\u4f9b\u8fd9\u4e9b\u670d\u52a1\uff1b<\/li>\n<li>\u4e3a\u786e\u4fdd\u670d\u52a1\u7684\u7a33\u5b9a\u6027\u548c\u5b89\u5168\u6027\uff0cORCOM C&amp;A \u5c06\u628a\u60a8\u7684\u4e2a\u4eba\u4fe1\u606f\u7528\u4e8e\u8eab\u4efd\u9a8c\u8bc1\u3001\u5b89\u5168\u63aa\u65bd\u3001\u6b3a\u8bc8\u76d1\u63a7\u3001\u9884\u9632\u6216\u7981\u6b62\u975e\u6cd5\u6d3b\u52a8\u3001\u964d\u4f4e\u98ce\u9669\u3001\u5b58\u6863\u548c\u5907\u4efd\uff1b<\/li>\n<li>ORCOM C&amp;A\u53ef\u80fd\u4f1a\u4f7f\u7528\u60a8\u7684\u4e2a\u4eba\u4fe1\u606f\u8fdb\u884c\u6570\u636e\u5206\u6790\uff0c\u4ee5\u5e2e\u52a9ORCOM C&amp;A\u6539\u8fdb\u670d\u52a1\uff0c\u4ece\u800c\u4e3a\u60a8\u63d0\u4f9b\u66f4\u7b26\u5408\u60a8\u9700\u6c42\u7684\u670d\u52a1\u3002 ORCOM C&amp;A \u53ef\u80fd\u4f1a\u6839\u636e\u4e2d\u56fd\u7684\u9002\u7528\u6cd5\u5f8b\u3001\u6cd5\u89c4\u6216\u76d1\u7ba1\u8981\u6c42\u4e0e\u653f\u5e9c\u673a\u6784\u3001\u6cd5\u5f8b\u673a\u6784\u6216\u7b2c\u4e09\u65b9\u5171\u4eab\u60a8\u7684\u4e2a\u4eba\u4fe1\u606f\uff1b\u4ee5\u53ca<\/li>\n<li>ORCOM C&amp;A \u5c06\u6c47\u7f16\u670d\u52a1\u4f7f\u7528\u7edf\u8ba1\u6570\u636e\uff0c\u5e76\u53ef\u80fd\u4e0e\u516c\u4f17\u6216\u7b2c\u4e09\u65b9\u5171\u4eab\u6b64\u7c7b\u7edf\u8ba1\u6570\u636e\uff08\u4e0d\u5305\u62ec\u60a8\u7684\u4e2a\u4eba\u4fe1\u606f\uff09\uff0c\u4ee5\u663e\u793a\u670d\u52a1\u4f7f\u7528\u7684\u603b\u4f53\u8d8b\u52bf\u3002<\/li>\n<\/ul>\n<p>ORCOM C&amp;A \u5c06\u4f7f\u7528\u60a8\u7684\u4e2a\u4eba\u4fe1\u606f\uff1a<\/p>\n<ul>\n<li>\u4e8b\u5148\u5f81\u5f97\u60a8\u7684\u6388\u6743\u6216\u540c\u610f\u3002<\/li>\n<li>\u5982\u679c ORCOM C&amp;A \u5728\u672a\u7ecf\u60a8\u4e8b\u5148\u540c\u610f\u7684\u60c5\u51b5\u4e0b\u4f7f\u7528\u60a8\u7684\u4e2a\u4eba\u4fe1\u606f\uff0c\u53ef\u80fd\u9700\u8981\u5f81\u5f97\u60a8\u7684\u989d\u5916\u540c\u610f\u3002<\/li>\n<li>\u6839\u636e\u9690\u79c1\u653f\u7b56\u548c\u4e2d\u56fd\u9002\u7528\u7684\u6cd5\u5f8b\u3002<\/li>\n<\/ul>\n<p><strong>\u60a8\u627f\u8ba4\u5e76\u540c\u610f ORCOM C&amp;A \u53ef\u4ee5\u5c06\u60a8\u7684\u4e2a\u4eba\u4fe1\u606f\u7528\u4e8e\u4e0a\u8ff0\u76ee\u7684\u3002<\/strong><\/p>\n<p><strong>\u4fe1\u606f\u4fdd\u62a4<\/strong><\/p>\n<p>\u60a8\u7684\u4e2a\u4eba\u4fe1\u606f\u5c06\u88ab\u81ea\u52a8\u5904\u7406\uff0c\u5e76\u4e25\u683c\u9650\u5236\u5728\u5176\u9884\u671f\u7528\u9014\u6240\u9700\u7684\u65f6\u95f4\u5185\u3002<\/p>\n<p>\u91c7\u53d6\u9002\u5f53\u7684\u5b89\u5168\u63aa\u65bd\uff0c\u9632\u6b62\u6570\u636e\u4e22\u5931\u3001\u975e\u6cd5\u4f7f\u7528\u3001\u4e0d\u9002\u5f53\u6216\u672a\u7ecf\u6388\u6743\u7684\u8bbf\u95ee\u3002 ORCOM C&amp;A \u91c7\u53d6\u4e86\u6cd5\u5f8b\u89c4\u5b9a\u7684\u6240\u6709\u6700\u4f4e\u5b89\u5168\u63aa\u65bd\u3002<\/p>\n<p>ORCOM C&amp;A \u8fd8\u6839\u636e\u4e3b\u8981\u56fd\u9645\u6807\u51c6\u548c\u4e2d\u56fd\u9002\u7528\u6cd5\u5f8b\u91c7\u53d6\u4e86\u989d\u5916\u7684\u5b89\u5168\u63aa\u65bd\uff0c\u4ee5\u4fdd\u62a4\u6240\u6536\u96c6\u548c\u5904\u7406\u7684\u4e2a\u4eba\u4fe1\u606f\uff0c\u5e76\u5c06\u6240\u6536\u96c6\u6570\u636e\u7684\u53ef\u7528\u6027\u548c\u4fdd\u5bc6\u6027\u98ce\u9669\u964d\u81f3\u6700\u4f4e\u3002<\/p>\n<p>\u5982\u679c ORCOM C&amp;A \u7684\u7269\u7406\u3001\u6280\u672f\u6216\u5907\u4efd\u8bbe\u65bd\u906d\u5230\u7834\u574f\uff0c\u5bfc\u81f4\u672a\u7ecf\u6388\u6743\u8bbf\u95ee\u3001\u516c\u5f00\u62ab\u9732\u6216\u7834\u574f\u60a8\u7684\u4e2a\u4eba\u4fe1\u606f\uff0cORCOM C&amp;A \u5c06\u7acb\u5373\u901a\u77e5\u60a8\uff0c\u5e76\u91c7\u53d6\u63aa\u65bd\u5c06\u76f8\u5e94\u98ce\u9669\u964d\u81f3\u6700\u4f4e\u3002<\/p>\n<p><strong>\u4fe1\u606f\u5171\u4eab\u548c\u62ab\u9732<\/strong><\/p>\n<p>\u60a8\u7684\u4e2a\u4eba\u4fe1\u606f\u53ef\u80fd\u4f1a\u88ab\u8f6c\u79fb\u6216\u4f20\u9012\u5230\u5176\u4ed6 ORCOM C&amp;A \u529e\u4e8b\u5904\uff0c\u7528\u4e8e\u670d\u52a1\u64cd\u4f5c\uff08\u5982\u4fe1\u606f\u7cfb\u7edf\u7ba1\u7406\uff09\uff0c\u6216\u7531\u8fd9\u4e9b\u529e\u4e8b\u5904\u51fa\u4e8e\u76f8\u540c\u76ee\u7684\u8fdb\u884c\u5904\u7406\uff0c\u4f46\u4ec5\u9650\u4e8e\u9884\u671f\u548c\u5fc5\u8981\u7684\u76ee\u7684\u3002<\/p>\n<p>\u60a8\u5728\u4fe1\u606f\u8bf7\u6c42\uff08\u5c0f\u518c\u5b50\u548c\u4fe1\u606f\u7b49\uff09\u4e2d\u63d0\u4f9b\u7684\u4e2a\u4eba\u4fe1\u606f\u4ec5\u7528\u4e8e\u63d0\u4f9b\u8fd9\u4e9b\u670d\u52a1\u6216\u4fe1\u606f\uff0c\u5e76\u4e14\u4ec5\u5728\u5fc5\u8981\u65f6\u5411\u7b2c\u4e09\u65b9\uff08\u63d0\u4f9b\u4fe1\u5c01\u3001\u6807\u7b7e\u548c\u53d1\u8d27\u7684\u516c\u53f8\uff09\u62ab\u9732\u3002<\/p>\n<p>\u9664\u4e0a\u8ff0\u60c5\u51b5\u5916\uff0c\u4e0d\u5f97\u5411\u7b2c\u4e09\u65b9\u62ab\u9732\u6216\u8f6c\u8ba9\u4e2a\u4eba\u4fe1\u606f\uff0c\u9664\u975e<\/p>\n<ul>\n<li>\u60a8\u5df2\u5411 ORCOM C&amp;A \u63d0\u4f9b\u4e86\u4e0e\u7b2c\u4e09\u65b9\u5171\u4eab\u6570\u636e\u7684\u4e66\u9762\u540c\u610f\uff1b<\/li>\n<li>\u4e3a\u4e86\u63d0\u4f9b\u6240\u9700\u7684\u670d\u52a1\uff0c\u9700\u8981\u4e0e\u7b2c\u4e09\u65b9\u5171\u4eab\u4fe1\u606f\uff1b<\/li>\n<\/ul>\n<p>\u9700\u8981\u6ee1\u8db3\u53f8\u6cd5\u6216\u516c\u5b89\u673a\u5173\u7684\u8981\u6c42<\/p>\n<p><strong>\u60a8\u77e5\u6653\u5e76\u540c\u610f ORCOM C&amp;A \u53ef\u80fd\u4f1a\u51fa\u4e8e\u672c\u9690\u79c1\u653f\u7b56\u6240\u8ff0\u76ee\u7684\u5e76\u6839\u636e\u5176\u6761\u6b3e\u4e0e\u4e0a\u8ff0\u7b2c\u4e09\u65b9\u5171\u4eab\u60a8\u7684\u4e2a\u4eba\u4fe1\u606f\u3002<\/strong><\/p>\n<p><strong>\u6570\u636e\u5904\u7406\u7684\u4f8b\u5916\u60c5\u51b5<\/strong><\/p>\n<p>Dans les circonstances suivantes, vous acceptez qu\u2019ORCOM C&amp;A puisse recueillir et utiliser vos informations personnelles sans votre consentement :<\/p>\n<ul>\n<li>\u7b7e\u8ba2\u6216\u5c65\u884c\u60a8\u4f5c\u4e3a\u4e00\u65b9\u5f53\u4e8b\u4eba\u7684\u5408\u540c\u6240\u5fc5\u9700\u7684\uff0c\u6216\u5728\u4f9d\u6cd5\u5236\u5b9a\u7684\u5c31\u4e1a\u653f\u7b56\u6216\u4f9d\u6cd5\u7b7e\u8ba2\u7684\u96c6\u4f53\u5408\u540c\u6846\u67b6\u5185\u8fdb\u884c\u4eba\u529b\u8d44\u6e90\u7ba1\u7406\u6240\u5fc5\u9700\u7684\uff1b<\/li>\n<li>\u5c65\u884c\u6cd5\u5f8b\u8d23\u4efb\u6216\u4e49\u52a1\u6240\u5fc5\u9700\uff1b<\/li>\n<li>\u5e94\u5bf9\u516c\u5171\u536b\u751f\u7a81\u53d1\u4e8b\u4ef6\u6216\u5728\u7d27\u6025\u60c5\u51b5\u4e0b\u4fdd\u62a4\u4e2a\u4eba\u751f\u547d\u3001\u5065\u5eb7\u6216\u8d22\u4ea7\u6240\u9700\u65f6\uff1b<\/li>\n<li>\u4e3a\u65b0\u95fb\u62a5\u9053\u3001\u8206\u8bba\u76d1\u7763\u6216\u4efb\u4f55\u5176\u4ed6\u7b26\u5408\u516c\u5171\u5229\u76ca\u7684\u6d3b\u52a8\u4e4b\u76ee\u7684\uff0c\u5728\u5408\u7406\u8303\u56f4\u5185\u5904\u7406\u4e2a\u4eba\u4fe1\u606f\uff1b<\/li>\n<li>\u4e2a\u4eba\u5df2\u7ecf\u62ab\u9732\u6216\u4ee5\u5176\u4ed6\u65b9\u5f0f\u5408\u6cd5\u62ab\u9732\u7684\u4e2a\u4eba\u4fe1\u606f\uff0c\u5c06\u6839\u636e\u4e2d\u56fd\u9002\u7528\u6cd5\u5f8b\u5728\u5408\u7406\u8303\u56f4\u5185\u8fdb\u884c\u5904\u7406\uff1b\u4ee5\u53ca<\/li>\n<li>\u9002\u7528\u4e8e\u4e2d\u56fd\u7684\u9690\u79c1\u653f\u7b56\u3001\u6cd5\u5f8b\u6216\u884c\u653f\u6cd5\u89c4\u89c4\u5b9a\u7684\u4efb\u4f55\u5176\u4ed6\u60c5\u51b5<\/li>\n<\/ul>\n<p><strong>\u8de8\u5883\u8f6c\u79fb<\/strong><\/p>\n<p>\u539f\u5219\u4e0a\uff0cORCOM C&amp;A \u5c06\u5728\u4e2d\u56fd\u5b58\u50a8\u60a8\u7684\u4e2a\u4eba\u4fe1\u606f\u3002 \u5728\u67d0\u4e9b\u60c5\u51b5\u4e0b\uff0c\u5728\u9002\u7528\u6cd5\u5f8b\u5141\u8bb8\u548c\u4e1a\u52a1\u9700\u8981\u7684\u524d\u63d0\u4e0b\uff0c\u60a8\u7684\u4e2a\u4eba\u4fe1\u606f\u53ef\u80fd\u4f1a\u88ab\u4f20\u8f93\u5230\u4e2d\u56fd\u5883\u5916\u5e76\u5728\u4e2d\u56fd\u5883\u5916\u8fdb\u884c\u5904\u7406\u6216\u8bbf\u95ee\u3002 \u5982\u679cORCOM C&amp;A\u5c06\u60a8\u7684\u4e2a\u4eba\u4fe1\u606f\u8f6c\u79fb\u5230\u4e2d\u56fd\u5883\u5916\uff0cORCOM C&amp;A\u5c06\u91c7\u53d6\u63aa\u65bd\u4fdd\u62a4\u60a8\u7684\u4e2a\u4eba\u4fe1\u606f\uff0c\u786e\u4fdd\u5176\u5f97\u5230\u5b89\u5168\u5904\u7406\uff0c\u5e76\u7b26\u5408\u9690\u79c1\u653f\u7b56\u548c\u4e2d\u56fd\u7684\u9002\u7528\u6cd5\u5f8b\u3002 \u4e2d\u56fd\u4ee5\u5916\u7684\u53f8\u6cd5\u7ba1\u8f96\u533a\u53ef\u80fd\u6709\u4e0d\u540c\u7684\u6570\u636e\u4fdd\u62a4\u6cd5\u5f8b\uff0c\u6216\u8005\u6839\u672c\u6ca1\u6709\u9002\u7528\u7684\u6570\u636e\u4fdd\u62a4\u6cd5\u5f8b\u3002 Dans de telles circonstances, ORCOM C&amp;A veillera \u00e0 prot\u00e9ger vos informations personnelles dans une mesure \u00e9quivalente \u00e0 celle de la RPC. ORCOM C&amp;A \u5c06\u59cb\u7ec8\u4fdd\u8bc1\u4fe1\u606f\u5728\u7ba1\u7406\u3001\u6280\u672f\u5904\u7406\u548c\u5176\u4ed6\u8fc7\u7a0b\u4e2d\u7684\u5b89\u5168\u6027\uff0c\u4ee5\u9632\u6b62\u60a8\u7684\u4e2a\u4eba\u4fe1\u606f\u5728\u5404\u79cd\u53ef\u9884\u89c1\u7684\u4e8b\u6545\u4e2d\u53d7\u5230\u7834\u574f\u3002<\/p>\n<p>\u4e3a\u4e86\u66f4\u597d\u5730\u4fdd\u62a4\u60a8\u7684\u4e2a\u4eba\u4fe1\u606f\uff0cORCOM C&amp;A \uff1a<\/p>\n<ul>\n<li>\u5728\u5c06\u60a8\u7684\u4e2a\u4eba\u4fe1\u606f\u4f20\u8f93\u5230\u4e2d\u56fd\u5883\u5916\u4e4b\u524d\uff0c\u6211\u4eec\u4f1a\u4e8b\u5148\u5f81\u5f97\u60a8\u7684\u540c\u610f\uff1b<\/li>\n<li>\u5c06\u901a\u77e5\u60a8\u6709\u5173\u4e2a\u4eba\u4fe1\u606f\u5c06\u88ab\u8f6c\u79fb\u5230\u4e2d\u56fd\u5883\u5916\u7684\u5177\u4f53\u8981\u7d20\u548c\u5185\u5bb9\uff0c\u5982\u5883\u5916\u63a5\u6536\u65b9\u7684\u540d\u79f0\u3001\u8054\u7cfb\u65b9\u5f0f\u3001\u8f6c\u79fb\u5230\u4e2d\u56fd\u5883\u5916\u7684\u76ee\u7684\u3001\u5904\u7406\u65b9\u6cd5\u3001\u5c06\u88ab\u8f6c\u79fb\u5230\u4e2d\u56fd\u5883\u5916\u7684\u4e2a\u4eba\u4fe1\u606f\u7c7b\u578b\u7b49\uff1b<\/li>\n<li>\u8fdb\u884c\u521d\u6b65\u5f71\u54cd\u8bc4\u4f30\uff0c\u5e76\u5c06\u8bc4\u4f30\u7ed3\u679c\u5b58\u6863\uff1b\u4ee5\u53ca<\/li>\n<li>\u5c06\u91c7\u53d6\u63aa\u65bd\u786e\u4fdd\u6d77\u5916\u63a5\u6536\u65b9\u9075\u5b88\u4e2d\u56fd\u6cd5\u5f8b\u548c\u9690\u79c1\u653f\u7b56\u89c4\u5b9a\u7684\u4e2a\u4eba\u4fe1\u606f\u548c\u9690\u79c1\u4fdd\u62a4\u6807\u51c6\uff0c\u4f8b\u5982\u4e0e\u6d77\u5916\u63a5\u6536\u65b9\u7b7e\u8ba2\u5408\u540c\uff0c\u660e\u786e\u53cc\u65b9\u5728\u4e2a\u4eba\u4fe1\u606f\u4fdd\u62a4\u65b9\u9762\u7684\u6743\u5229\u548c\u4e49\u52a1\u3002<\/li>\n<\/ul>\n<p><strong>\u60a8\u627f\u8ba4\u5e76\u540c\u610f\uff0cORCOM C&amp;A\u53ef\u6839\u636e\u672c\u9690\u79c1\u653f\u7b56\u548c\u9002\u7528\u6cd5\u5f8b\u5c06\u60a8\u7684\u4e2a\u4eba\u4fe1\u606f\u4f20\u8f93\u7ed9\u4e2d\u56fd\u5883\u5916\u7684\u63a5\u6536\u65b9\u3002<\/strong><\/p>\n<p><strong>\u5904\u7406\u654f\u611f\u6570\u636e<\/strong><\/p>\n<p>\u5982\u679c\u7b80\u5386\u4e2d\u5305\u542b\u654f\u611f\u7684\u4e2a\u4eba\u4fe1\u606f\uff0c\u5373\u4e0e\u60a8\u7684\u5065\u5eb7\u72b6\u51b5\u3001\u5b97\u6559\u4fe1\u4ef0\u6216\u5de5\u4f1a\u4f1a\u5458\u8eab\u4efd\uff08\u6216\u7c7b\u4f3c\u6027\u8d28\u7ec4\u7ec7\u7684\u4f1a\u5458\u8eab\u4efd\uff09\u3001\u53f8\u6cd5\u4fe1\u606f\u4ee5\u53ca\u4e0e\u60a8\u7684\u79cd\u65cf\u548c\u6c11\u65cf\u8840\u7edf\u6709\u5173\u7684\u6570\u636e\uff0c\u800c\u53d1\u9001\u7b80\u5386\u65f6\u53c8\u6ca1\u6709\u660e\u786e\u7684\u4e66\u9762\u540c\u610f\u6388\u6743\u5904\u7406\u654f\u611f\u6570\u636e\uff0c\u5219\u5c06\u4ee5\u4e66\u9762\u5f62\u5f0f\u660e\u786e\u8981\u6c42\u83b7\u5f97\u6b64\u7c7b\u540c\u610f\u3002 \u5982\u679c\u5728\u5341\u56db\uff0814\uff09\u5929\u5185\u672a\u83b7\u5f97\u4e66\u9762\u540c\u610f\uff0c\u8fd9\u4e9b\u6570\u636e\u5c06\u88ab\u9500\u6bc1\u3002<\/p>\n<p><strong>\u6570\u636e\u4fdd\u7559\u671f<\/strong><\/p>\n<p>ORCOM C&amp;A \u6216\u53e6\u4e00\u5bb6\u5916\u90e8\u5b58\u50a8\u516c\u53f8\u6839\u636e\u9002\u7528\u7684\u6cd5\u5f8b\u6cd5\u89c4\u548c\u9690\u79c1\u653f\u7b56\u4fdd\u7559\u60a8\u7684\u4e2a\u4eba\u4fe1\u606f\u7684\u65f6\u95f4\u4e0d\u4f1a\u8d85\u8fc7\u6536\u96c6\u4e2a\u4eba\u4fe1\u606f\u6216\u968f\u540e\u5904\u7406\u4e2a\u4eba\u4fe1\u606f\u7684\u76ee\u7684\u6240\u5fc5\u9700\u7684\u65f6\u95f4\u3002 \u4fdd\u5b58\u671f\u6ee1\u540e\uff0c\u60a8\u7684\u4e2a\u4eba\u4fe1\u606f\u5c06\u88ab\u5220\u9664\u6216\u533f\u540d\u5316\u3002<\/p>\n<p><strong>\u60a8\u7684\u6743\u5229<\/strong><\/p>\n<p>\u60a8\u53ef\u4ee5\u968f\u65f6\u901a\u8fc7\u4ee5\u4e0b\u8054\u7cfb\u65b9\u5f0f\u5411 ORCOM C&amp;A \u63d0\u51fa\u7533\u8bf7\uff0c\u4ee5\u884c\u4f7f\u4e2d\u56fd\u9002\u7528\u6cd5\u5f8b\u548c\u6cd5\u89c4\u89c4\u5b9a\u7684\u4e0e\u4e2a\u4eba\u4fe1\u606f\u76f8\u5173\u7684\u6743\u5229\uff0c\u5305\u62ec\u8bbf\u95ee\u60a8\u7684\u4e2a\u4eba\u4fe1\u606f\u3001\u66f4\u6b63\u4ee5\u53ca\uff08\u5728\u6cd5\u5f8b\u89c4\u5b9a\u7684\u60c5\u51b5\u4e0b\uff09\u5220\u9664\u3001\u9650\u5236\u5904\u7406\u548c\u6570\u636e\u53ef\u79fb\u690d\u6027\u7684\u6743\u5229\u3002<\/p>\n<p>\u60a8\u540c\u610f\uff0c\u60a8\u4e0e ORCOM C&amp;A \u4e4b\u95f4\u56e0\u672c\u653f\u7b56\u4ea7\u751f\u7684\u4efb\u4f55\u4e89\u8bae\u5e94\u53d7\u4e2d\u534e\u4eba\u6c11\u5171\u548c\u56fd\u6cd5\u5f8b\u7ba1\u8f96\uff0c\u4f46\u4e0d\u5305\u62ec\u5176\u6cd5\u5f8b\u51b2\u7a81\u89c4\u5219\u3002<\/p>\n<p><strong>\u5176\u4ed6\u7f51\u7ad9\u94fe\u63a5<\/strong><\/p>\n<p>\u672c\u7f51\u7ad9\u53ef\u80fd\u5305\u542b\u7531\u7b2c\u4e09\u65b9\u7ba1\u7406\u7684\u5176\u4ed6\u7f51\u7ad9\u7684\u94fe\u63a5\u3002 Vous devez examiner attentivement les politiques de confidentialit\u00e9 ou les avis et pratiques des autres sites Internet, car ORCOM C&amp;A ne peut pas contr\u00f4ler ou \u00eatre responsable de leurs politiques, avis ou pratiques de confidentialit\u00e9. \u6709\u5173\u5176\u4ed6\u7f51\u7ad9\u7684\u94fe\u63a5\uff0c\u8bf7\u67e5\u9605\u8fd9\u4e9b\u7f51\u7ad9\u7684\u4fdd\u5bc6\u6761\u4ef6\uff0c\u8fd9\u4e9b\u6761\u4ef6\u53ef\u80fd\u4e0e\u672c\u7f51\u7ad9\u7684\u4fdd\u5bc6\u6761\u4ef6\u4e0d\u540c\u3002<\/p>\n<p><strong>\u73b0\u884c\u9690\u79c1\u653f\u7b56\u7684\u53d8\u66f4<\/strong><\/p>\n<p>\u672c\u9690\u79c1\u653f\u7b56\u7684\u6700\u540e\u66f4\u65b0\u65e5\u671f\u4e3a<strong>2023 \u5e74 4 \u6708 28<\/strong> \u65e5\u3002<\/p>\n<p>ORCOM C&amp;A \u4f1a\u4e0d\u65f6\u5ba1\u67e5\u5176\u5b89\u5168\u548c\u9690\u79c1\u653f\u7b56\uff0c\u5e76\u5728\u9002\u5f53\u60c5\u51b5\u4e0b\u4fee\u8ba2\u672c\u653f\u7b56\uff0c\u4ee5\u53cd\u6620\u6cd5\u5f8b\u548c\u7ec4\u7ec7\u6700\u4f73\u5b9e\u8df5\u7684\u53d8\u5316\u6216\u6280\u672f\u53d1\u5c55\u5e26\u6765\u7684\u529f\u80fd\u6539\u8fdb\u3002 \u5982\u679c\u653f\u7b56\u53d1\u751f\u53d8\u5316\uff0c\u65b0\u7248\u672c\u5c06\u5728\u7f51\u7ad9\u7684\u6b64\u9875\u9762\u4e0a\u516c\u5e03\u3002 \u6839\u636e\u9002\u7528\u6cd5\u5f8b\u7684\u8981\u6c42\uff0c\u5728\u5f81\u5f97\u60a8\u660e\u786e\u540c\u610f\u7684\u524d\u63d0\u4e0b\uff0c\u65b0\u4fee\u8ba2\u7684\u9690\u79c1\u653f\u7b56\u5c06\u81ea\u4fee\u8ba2\u4e4b\u65e5\u8d77\u9002\u7528\u3002 \u56e0\u6b64\uff0cORCOM C&amp;A \u9f13\u52b1\u60a8\u5b9a\u671f\u67e5\u770b\u672c\u58f0\u660e\uff0c\u4ee5\u4e86\u89e3 ORCOM C&amp;A \u5982\u4f55\u4fdd\u62a4\u60a8\u7684\u4fe1\u606f\u3002<\/p>\n<p><strong>\u7d22\u53d6\u8d44\u6599\u3001\u6295\u8bc9\u548c\u5efa\u8bae<\/strong><\/p>\n<p>\u4efb\u4f55\u4eba\u5982\u5e0c\u671b\u83b7\u5f97\u66f4\u591a\u4fe1\u606f\u3001\u63d0\u4ea4\u4e2a\u4eba\u5efa\u8bae\u3001\u5c31\u672c\u7ec4\u7ec7\u7684\u9690\u79c1\u653f\u7b56\u6216 ORCOM C&amp;A \u5904\u7406\u4e2a\u4eba\u4fe1\u606f\u7684\u65b9\u5f0f\u63d0\u51fa\u6295\u8bc9\u6216\u6297\u8bae\uff0c\u53ef\u81f4\u51fd\u4ee5\u4e0b\u7535\u5b50\u90ae\u4ef6\u5730\u5740\uff1a<a href=\"mailto:contact@orcomcn.com\">contact@orcomcn.com\u3002<\/a><\/p>\n<\/div><\/div><\/div><\/div><\/div>\n","protected":false},"excerpt":{"rendered":"","protected":false},"author":34,"featured_media":0,"parent":0,"menu_order":0,"comment_status":"closed","ping_status":"closed","template":"","meta":{"_seopress_robots_primary_cat":"","_seopress_titles_title":"","_seopress_titles_desc":"","_seopress_robots_index":"","footnotes":""},"class_list":["post-25317","page","type-page","status-publish"],"_links":{"self":[{"href":"https:\/\/www.orcomcn.com\/zh-hans\/wp-json\/wp\/v2\/pages\/25317","targetHints":{"allow":["GET"]}}],"collection":[{"href":"https:\/\/www.orcomcn.com\/zh-hans\/wp-json\/wp\/v2\/pages"}],"about":[{"href":"https:\/\/www.orcomcn.com\/zh-hans\/wp-json\/wp\/v2\/types\/page"}],"author":[{"embeddable":true,"href":"https:\/\/www.orcomcn.com\/zh-hans\/wp-json\/wp\/v2\/users\/34"}],"replies":[{"embeddable":true,"href":"https:\/\/www.orcomcn.com\/zh-hans\/wp-json\/wp\/v2\/comments?post=25317"}],"version-history":[{"count":9,"href":"https:\/\/www.orcomcn.com\/zh-hans\/wp-json\/wp\/v2\/pages\/25317\/revisions"}],"predecessor-version":[{"id":25607,"href":"https:\/\/www.orcomcn.com\/zh-hans\/wp-json\/wp\/v2\/pages\/25317\/revisions\/25607"}],"wp:attachment":[{"href":"https:\/\/www.orcomcn.com\/zh-hans\/wp-json\/wp\/v2\/media?parent=25317"}],"curies":[{"name":"wp","href":"https:\/\/api.w.org\/{rel}","templated":true}]}}